{"id":84,"date":"2022-03-25T14:49:13","date_gmt":"2022-03-25T11:49:13","guid":{"rendered":"https:\/\/veterans-and-bees.com\/de\/home\/"},"modified":"2025-09-04T11:55:45","modified_gmt":"2025-09-04T08:55:45","slug":"home","status":"publish","type":"page","link":"https:\/\/veterans-and-bees.com\/de\/","title":{"rendered":"Home"},"content":{"rendered":"\n\n\nHILFE\n\nauf den Bienenfl\u00fcgeln\n\n<p style=\"text-align: left;\"><span style=\"color: #eeece1;\">Hilfe auf den Bienenfl\u00fcgeln \u2013 ist ein Unterst\u00fctzungsprogramm f\u00fcr Imker w\u00e4hrend der Kriegszeiten zur Wiederherstellung der verlorenen Bienenh\u00e4user und zur humanit\u00e4ren Hilfe f\u00fcr Frauen und Kinder der Imker in den tempor\u00e4ren Zufluchten in den sicheren Gebieten der Ukraine.<\/span><\/p>\n\n\n\n\n\n\n\n\n<h4>WER <span style=\"color: #feb209;\"> WIR SIND<\/span><\/h4>\n<p style=\"text-align: center; font-size: 13px;\">Die gesellschaftliche Vereinigung Allukrainische Br\u00fcderschaft der Imker der Ukraine sch\u00fctzt die Interessen der ukrainischen Imkerei im Allgemeinen und jedes Imkers im Einzelnen auf allen Ebenen.<\/p>\n<p style=\"text-align: left;\">Seit 2005 \u00fcbt die Organisation die internationale T\u00e4tigkeit aus, nimmt an Internationalen Imkereikongressen, Konferenzen, Symposien in verschiedenen L\u00e4ndern der Welt, auf verschiedenen Kontinenten teil. Die Organisation hat mehr als 50 internationale Auszeichnungen in Gro\u00dfbritannien, Australien, Frankreich und anderen L\u00e4ndern erhalten. Die Organisation ist Vollmitglied des Internationalen Verbands der Bienenz\u00fcchtervereinigungen Apimondia,&nbsp; des Europ\u00e4ischen Verbands der Bienenz\u00fcchtervereinigungen Apislavia und des <a style=\"color:#0047b2;\" href=\"https:\/\/ebaeurope.eu\/\"> Europ\u00e4ischer Imkerverband. <\/a><\/p>\n<p style=\"text-align: left;\">Im September-Oktober 2013 veranstaltete die Organisation den gr\u00f6\u00dften XXXXIII. Internationalen Kongress von Apimondia in Kiew, wobei mehr als 9000 Delegierte aus 115 L\u00e4ndern auf f\u00fcnf Kontinenten angenommen wurden.<\/p>\n<p style=\"text-align: left;\">Die Organisation generiert und verwirklicht Programm &#8222;Hilfe auf den Bienenfl\u00fcgeln&#8220; &#8211; Hilfe f\u00fcr behinderte Veteranen bei der Arbeitsrehabilitation und Anpassung an ein friedliches Leben in Friedenszeiten (Nachkriegszeit)., &#8222;Eine Honigwiese pflanzen&#8220; &#8211; Aktionen zum Anbau von Honigkulturen, &#8222;Bienen vor Pestizidvergiftung sch\u00fctzen&#8220; \u2013 eine gemeinsame Aufgabe mit Landwirten zur effektiven Kommunikation f\u00fcr Bienenschutz, \u201eImker \u2013 der Hersteller und Exporteur\u201c \u2013 Entwicklung kleiner und mittlerer Unternehmen in der Imkerei usw.<\/p>\n\n\n\n\r\n\n\r\n\n\n\n\n\n<h4>\u00dcBER <span style=\"color: #feb209;\">DAS PROJEKT <\/span><\/h4>\n<p style=\"text-align: center; font-size: 13px;\">Gesellschaftliche Vereinigung \u201eAllukrainische Br\u00fcderschaft der Imker der Ukraine\u201c initiiert und Wohlt\u00e4tigkeitsorganisation &#8222;Wohlt\u00e4tigkeitsfonds &#8222;Hilfe auf den Bienenfl\u00fcgeln&#8220; verwirklicht das Programm \u201eHilfe auf den Bienenfl\u00fcgeln\u201c, das darauf abzielt, ukrainische Imker w\u00e4hrend des Krieges zu unterst\u00fctzen und ihnen zu helfen.<\/p>\n\n\n\r\n\n\r\n\n\n\n<p style=\"text-align: left;\">Das Programm &#8222;Hilfe auf Bienenfl\u00fcgeln&#8220; sieht in Friedenszeiten Unterst\u00fctzung und Arbeitsrehabilitation von behinderten Veteranen, Beherrschung des Berufs eines Imkers von Veteranen, Anpassung an die Arbeitsbedingungen im Bienenhaus gem\u00e4\u00df den k\u00f6rperlichen F\u00e4higkeiten des Veteranen vor.<\/p>\n<p style=\"text-align: left;\">In Kriegszeiten konzentrieren wir alle Anstrengungen der Organisation auf die Implementierung des erweiterten Programms &#8222;Hilfe auf den Bienenfl\u00fcgeln&#8220;:<\/p>\n\nWir helfen den Imkern bei der Wiederherstellung der durch den Krieg zerst\u00f6rten oder verlorenen Imkerbetriebe und Bienenh\u00e4user. Wir \u00fcberwachen und sammeln Informationen \u00fcber Imkerbetriebe, Bienenh\u00e4user, die zerst\u00f6rt, gepl\u00fcndert oder unbeaufsichtigt gelassen wurden. Wir verarbeiten und verifizieren die Informationen. Wir ermitteln das Ausma\u00df der Zerst\u00f6rung der Imkerbetriebe und Bienenh\u00e4user und den Umfang der erforderlichen Hilfe zur einen teilweisen Wiederherstellung und zur F\u00f6rderung des weiteren Wiederaufbaus der Imkerbetriebe und Bienenh\u00e4user.  Diese Arbeit wird gerade jetzt durchgef\u00fchrt und wird w\u00e4hrend der Kriegszeiten und der milit\u00e4rischen Aggression st\u00e4ndig durchgef\u00fchrt werden. Diese Arbeit hat Priorit\u00e4t;\nWir helfen den Familien von Imkern \u2013 das sind die Frauen und Kinder, die gezwungen sind, ihre H\u00e4user zu verlassen und in sichere Gebiete unseres Landes umzuziehen. Wir informieren, koordinieren den Umsiedlungsprozess und sorgen bei Bedarf daf\u00fcr, dass Familienangeh\u00f6rige humanit\u00e4re Hilfe erhalten. Diese Arbeit wird gerade jetzt durchgef\u00fchrt und wird so lange durchgef\u00fchrt, solange Bedarf besteht. Diese Arbeit hat Priorit\u00e4t;\nWir helfen den Imkern, die Soldaten geworden sind, beim Suchen der f\u00fcr sie erforderlichen Schutzkleidung (Schutzausr\u00fcstung) und der medizinischen Erste-Hilfe-K\u00e4sten. Wir wenden uns mit diesen Angelegenheiten an die gemeinn\u00fctzigen Stiftungen, damit sie auf eigene Kosten Schutzkleidung (Ausr\u00fcstung) und medizinische Erste-Hilfe-K\u00e4sten kaufen und uns f\u00fcr Imker-Soldaten \u00fcberlassen k\u00f6nnen. Diese Arbeit wird auf Anfrage der Imker durchgef\u00fchrt, wenn sie sich selbst mit der Bitte wenden, was genaues zu kaufen, das ihr Leben sch\u00fctzen kann. Diese Arbeit ist nicht systematisch und massenhaft, sondern individuell f\u00fcr jeden Imker auf seine Anfrage.\n\n\n\n\n\n\n\n\n<h4>VORRANGIGE <span style=\"color: #feb209;\">ARBEIT<\/span><\/h4>\n<p style=\"text-align: center; font-size: 13px;\">Hilfe und Unterst\u00fctzung f\u00fcr Imker bei der Wiederherstellung von durch den Krieg zerst\u00f6rten oder verlorenen Imkerbetrieben und Bienenh\u00e4usern. Hilfe den Imkerfamilien \u2013 den Frauen, Kindern, \u00e4lteren Eltern bei der tempor\u00e4ren Umsiedlung und Leistung der humanit\u00e4ren Hilfe.<\/p>\n\n\n\n\n\r\n\n\r\n\n<h3>HILFE UND UNTERST\u00dcTZUNG BEI DER WIEDERHERSTELLUNG DER  <span style=\"color: #feb209;\">BIENENH\u00c4USER<\/span><\/h3>\n\n\n\n\n\n\n\n\r\n\n\r\n\n<h3>HILFE DEN<span style=\"color: #feb209;\">\u00a0IMKERFAMILIEN<\/span><br><br><\/h3>\n\n\n\n\n\n\n\n\n\n\n\n\n\n\n\n\n\n\n\n<h3>BANKVERBINDUNGEN F\u00dcR  <span style=\"color: #fff;\"> ZAHLUNGEN<\/span><\/h3>\n\n\n<\/h3>\n<h5>F\u00fcr die ausl\u00e4ndischen \u00dcberweisungen  <span style=\"color: #fff;\">in EUR<\/span><\/h5>\n<h3>\n<p style=\"text-align: left;\">Empf\u00e4nger: CO CF HBW<br \/>IBAN Code: UA543052990000026008041023364<br \/>Beg\u00fcnstigte Bank: JSC CB &#8222;PRIVATBANK&#8220;, 1D HRUSHEVSKOHO STR., KYIV, 01001, UKRAINE<br \/> Firmenanschrift: Office 11, 5, Lychakivska Str., Lviv, 79008, Ukraine<br \/>Swift code: PBANUA2X<br>Verwendungszweck: &#8222;Non-repayable charitable donation&#8220;<br><br>Korrespondenzbank: Commerzbank AG, Frankfurt am Main, Germany<br>Swift code: COBADEFF<\/p>\n<\/h3>\n<h5>F\u00fcr die ausl\u00e4ndischen \u00dcberweisungen <span style=\"color: #fff;\">in USD<\/span><\/h5><h3>\n<p style=\"text-align: left;\">Empf\u00e4nger: CO CF HBW<br \/>IBAN Code: UA633052990000026002001033022<br \/>Beg\u00fcnstigte Bank: JSC CB &#8222;PRIVATBANK&#8220;, 1D HRUSHEVSKOHO STR., KYIV, 01001, UKRAINE<br \/> Firmenanschrift: Office 11, 5, Lychakivska Str., Lviv, 79008, Ukraine<br \/>Swift code: PBANUA2X<br>Verwendungszweck: &#8222;Non-repayable charitable donation&#8220;<br><br>Korrespondenzbank: JP Morgan Chase Bank, New York, USA<br>Swift code: CHASUS33<\/p>\n\n\n<\/h3>\n<h5>F\u00fcr die \u00dcberweisungen durch die Ukraine <span style=\"color: #fff;\">in Griwna <\/span><\/h5>\n<h3>\n<\/h3>\n<p style=\"text-align: left;\">Empf\u00e4nger: CO CF HBW<br \/>IBAN Code: UA903052990000026000041031815<br \/>Beg\u00fcnstigte Bank: JSC CB &#8222;PRIVATBANK&#8220;, 1D HRUSHEVSKOHO STR., KYIV, 01001, UKRAINE<br \/>Firmenanschrift: Office 11, 5, Lychakivska Str., Lviv, 79008, Ukraine<br \/>Einheitliches staatliches Register der Unternehmen und Organisationen der Ukraine: 45102167<br \/>Verwendungszweck: &#8222;Charitable contribution&#8220;<\/p>\n<h3>\n<\/h3>\n<h5>Spenden mit <span style=\"color: #fff;\">BITCOIN WALLET (BTC)<\/span><\/h5>\n<h3>\n<p style=\"text-align: left;\">SegWit address: <\/p> <wal><p style=\"text-align: left; margin-right: 2em;\"> bc1qszgr6kqrfawkyre7fzj4hx4huqvfylneq57k97<\/p><\/wal>\n<\/h3>\n<h5>Spenden mit <span style=\"color: #fff;\">ETHEREUM (ETH)<\/span><\/h5>\n<h3>\n<p style=\"text-align: left;\">Wallet address: <\/p> <wal><p style=\"text-align: left; margin-right: 2em;\"> 0x76ECBDba27Bc56314A5Fc2959D93a9cD35Dfc74a<\/p> <\/wal>\n<\/h3>\n<h5>Spenden mit <span style=\"color: #fff;\">TRON (TRX)<\/span><\/h5>\n<h3>\n<p style=\"text-align: left;\">Wallet address: <\/p> <wal><p style=\"text-align: left; margin-right: 2em;\"> TVzcuFtuhnoH4xacNkVkDDJJF6niNkVZN1<\/p> <\/wal>\n<\/h3>\n<h5>Spenden mit <span style=\"color: #fff;\">SOLANA (SOL)<\/span><\/h5>\n<h3>\n<p style=\"text-align: left;\">Wallet address: <\/p> <wal><p style=\"text-align: left; margin-right: 2em;\"> 4E7PRwq6A8jdCcLDYn5QwMmWYcz1e3JtZZnoAxQn2DC3<\/p><\/wal>\n\n\n\n\n\n\n\n\n\n<p style=\"text-align: left;\">Sie k\u00f6nnen auch \u00fcber das Zahlungssystem PayPal spenden. Nutzen Sie bitte diese E-Mail-Adresse: <strong>tetyana@apimondia2013.org.ua<\/strong>, um Geld auf unser PayPal-Konto zu \u00fcberweisen. <br><span style=\"font-size:small;\">Indem Sie spenden, erteilen Sie Ihr Einverst\u00e4ndnis, dass diese Geldmittel der Wohlt\u00e4tigkeitsorganisation &#8222;Wohlt\u00e4tigkeitsfonds &#8222;Hilfe auf den Bienenfl\u00fcgeln&#8220; f\u00fcr Waren oder Dienstleistungen verwendet\/umverteilt werden, die nach Ermessen der Wohlt\u00e4tigkeitsorganisation &#8222;Wohlt\u00e4tigkeitsfonds &#8222;Hilfe auf den Bienenfl\u00fcgeln&#8220; vorrangig finanziert werden m\u00fcssen.<\/span><\/p>\n\n\n<p style=\"text-align: left;\"><strong> <span style=\"font-size: large;\">Projekt \u201eVRAMA: Wiedereingliederung von Veteranen durch Imkerei und Landwirtschaft\u201c<\/span><\/strong> <br><span style=\"font-size: small;\"><span style=\"font-size:normal;\">Ein Projekt zur Unterst\u00fctzung von 10 Veteranen durch Schulungen, praktische F\u00e4higkeiten und moderne Ausr\u00fcstung in den Bereichen Imkerei und Landwirtschaft. Die Initiative f\u00f6rdert die soziale Integration, die psychologische Erholung, die Entwicklung lokaler Gemeinschaften, die \u00f6kologische Nachhaltigkeit und die Ern\u00e4hrungssicherheit.<\/span>\n<\/span><br>\n<strong>Budget: 35.000 \u20ac <span style=\"font-size:small;\"><\/span><\/strong>(~ \u20b4 1,930,000) <br>\n<strong>Zeitrahmen: Bis 31. Dezember 2026<\/strong> <br>\n<span style=\"font-size:small;\">Nicht verwendete Mittel werden anderen Projekten mit \u00e4hnlichen Zielen zugewiesen. Mit einer Spende erkl\u00e4ren Sie sich einverstanden, dass diese nicht erstattungsf\u00e4hig ist und f\u00fcr andere Projekte verwendet werden kann, wenn die Sammlung geschlossen oder nicht mehr relevant ist.<\/span><\/p>\n\n\n\n<h3>UNSERE PARTNER <span style=\"color: #feb209;\">UND SPENDER<\/span><\/h3>\n<p style=\"text-align: center; font-size: 13px;\"><br><\/p>\n\n","protected":false},"excerpt":{"rendered":"","protected":false},"author":1,"featured_media":0,"parent":0,"menu_order":0,"comment_status":"closed","ping_status":"closed","template":"","meta":{"pagelayer_contact_templates":[],"_pagelayer_content":"","footnotes":""},"class_list":["post-84","page","type-page","status-publish","hentry"],"_links":{"self":[{"href":"https:\/\/veterans-and-bees.com\/de\/wp-json\/wp\/v2\/pages\/84","targetHints":{"allow":["GET"]}}],"collection":[{"href":"https:\/\/veterans-and-bees.com\/de\/wp-json\/wp\/v2\/pages"}],"about":[{"href":"https:\/\/veterans-and-bees.com\/de\/wp-json\/wp\/v2\/types\/page"}],"author":[{"embeddable":true,"href":"https:\/\/veterans-and-bees.com\/de\/wp-json\/wp\/v2\/users\/1"}],"replies":[{"embeddable":true,"href":"https:\/\/veterans-and-bees.com\/de\/wp-json\/wp\/v2\/comments?post=84"}],"version-history":[{"count":106,"href":"https:\/\/veterans-and-bees.com\/de\/wp-json\/wp\/v2\/pages\/84\/revisions"}],"predecessor-version":[{"id":381,"href":"https:\/\/veterans-and-bees.com\/de\/wp-json\/wp\/v2\/pages\/84\/revisions\/381"}],"wp:attachment":[{"href":"https:\/\/veterans-and-bees.com\/de\/wp-json\/wp\/v2\/media?parent=84"}],"curies":[{"name":"wp","href":"https:\/\/api.w.org\/{rel}","templated":true}]}}