{"id":209,"date":"2022-04-06T01:28:33","date_gmt":"2022-04-05T22:28:33","guid":{"rendered":"https:\/\/veterans-and-bees.com\/fr\/about\/"},"modified":"2023-05-08T23:06:58","modified_gmt":"2023-05-08T20:06:58","slug":"pourquoi-cest-important","status":"publish","type":"page","link":"https:\/\/veterans-and-bees.com\/fr\/pourquoi-cest-important\/","title":{"rendered":"Pourquoi C\u2019est Important"},"content":{"rendered":"\n\n\n\n\n\n\n\n\n\n\n<h4>Aide sur les ailes<span style=\"color: #feb209;\"> de l\u2019abeille<\/span><\/h4>\n<p style=\"text-align: center; font-size: 13px; \">Une petite abeille a du mal \u00e0 survivre. Les milliers d\u2019abeilles travaillent dans sa ruche, et cette famille d\u2019abeilles est la force puissante qui r\u00e9siste \u00e0 toutes les \u00e9preuves \u2013 UNISSONS-NOUS COMME LES ABEILLES !<\/p>\n\r\n\n<p style=\"text-align: left;font-weight: bold; \">Chers coll\u00e8gues, amis et amateurs de l\u2019apiculture !<\/p>\n<p style=\"text-align: left; \">R\u00e9cemment encore, on voyait le d\u00e9veloppement actif de l\u2019apiculture en Ukraine. <br>L\u2019Ukraine \u00e9tait parmi les cinq leaders mondiaux de la production du miel et les trois leaders mondiaux de l\u2019exportation du miel. Selon les estimations de l\u2019ONUAA, en 2020, l\u2019Ukraine a produit 68 mille tonnes de miel. Selon les donn\u00e9es du Centre du commerce international, en 2020, l\u2019Ukraine a export\u00e9 80,79 mille tonnes de miel. <br>\nSelon les donn\u00e9es des organisations professionnelles et des exportateurs, environ 45% des ruchers ne sont pas enregistr\u00e9s en Ukraine. Plus de 400 mille des apiculteurs sont employ\u00e9s par l\u2019apiculture. Le fonds total de prodiction est estim\u00e9 \u00e0 plus de 3,6 millions de familles d\u2019abeilles. Selon des estimations, le volume r\u00e9el de production du miel en Ukraine est dans les limites de 100-110 mille tonnes par an, dont 99% est produit par les exploitations priv\u00e9es et seulement 1% &#8211; par les entreprises agricoles.\n\n<\/p>\n<p style=\"text-align: left;  \">Nous recevaient plusieurs r\u00e9compenses et les reconnaissances internationales. On organisait des symposiums et congr\u00e8s du niveau international.<\/p>\n<p style=\"text-align: left; \">Nous recevaient des visiteurs \u00e9trangers dans nos ruchers, nous partagions nos exp\u00e9riences. Nous \u00e9tions heureux d\u2019exporter notre miel, nous plantions des mellif\u00e8res, nous planifions notre avenir&#8230; Nous attendaient le printemps pour rencontrer les abeilles et pensaient \u00e0 elles l\u2019hiver&#8230;<br>\nEt ce printemps est devenu tragique pour mon Ukraine, pour tous les ukrainiens !\n<\/p>\n<p style=\"text-align: left; \">L\u2019invasion militaire de grande ampleur de la Russie de nos terres ukrainiennes paisibles, c\u2019est la guerre en Ukraine! <br>\nL\u2019ennemi avec la haine animale d\u00e9truit nos villes et villages, tue nos gens pacifiques. L\u2019aviation, l\u2019artillerie, les mortiers, les chars, l\u2019ennemi utilise tout cela avec la cruaut\u00e9 monstrueuse, tuant toute cr\u00e9ature vivante. Les Forces arm\u00e9es ukrainiennes d\u00e9fendent fermement notre pays. On se bat. Jusqu\u2019\u00e0 la fin. Autant qu\u2019on aura besoin. Autant qu\u2019on pourra. \u00ab Pour notre libert\u00e9, nous donnerons nos \u00e2mes et nos corps \u00bb &#8211; sont les mots de notre hymne national. Nous prot\u00e9geons notre libert\u00e9 et nous \u00e9tonnons le monde par le courage de nos h\u00e9ros ukrainiens.\n<\/p>\n<p style=\"text-align: left;  \">Aujourd\u2019hui, c\u2019est l\u2019enfer en Ukraine, la catastrophe que tout le monde conna\u00eet, le monde entier.<\/p>\n<p style=\"text-align: left;  \">Les alarmes quotidiennes, les p\u00e9riodes prolong\u00e9es d\u2019h\u00e9bergement des femmes, enfants et personnes \u00e2g\u00e9es pour se cacher des bombardements et pilonnages dans les sous-sols, les asiles temporaires sans aliments, eau, air. Sur les territoires occup\u00e9s, l\u2019ennemi tient les gens dans la peur constante. La mort et la destruction. Les villages, champs et lieux urbains br\u00fbl\u00e9s. Des villes et communes enti\u00e8res, tout ce qui a \u00e9t\u00e9 b\u00e2ti pendant des si\u00e8cles a \u00e9t\u00e9 r\u00e9duit en cendres. <strong><br>\u00ab Par o\u00f9 faut-il passer et o\u00f9 vivre ? \u00bb &#8211; ces questions effrayantes se posent devant des centaines de milliers de personnes. Environ 6 millions de r\u00e9fugi\u00e9s ont d\u00fb quitter l\u2019Ukraine et pr\u00e8s de 6,5 millions de personnes sont enregistr\u00e9es en tant que personnes d\u00e9plac\u00e9es \u00e0 l&rsquo;int\u00e9rieur du pays. Plus de 200 enfants sont morts, plus de 400 sont gri\u00e8vement bless\u00e9s, plusieurs centaines d&rsquo;enfants sont orphelins&#8230;<\/strong><\/p>\n\r\n\n<p style=\"text-align: left;  \">Avec les pri\u00e8res, on dit \u00e0 chaque guerrier qui chaque jour, chaque heure, chaque minute d\u00e9fend le peuple ukrainien : \u00ab Promets-moi, on se verra apr\u00e8s la guerre. Reviens vivant !\u00bb\nEt notre apiculture se voit en destruction chaque jour. Avec chaque village br\u00fbl\u00e9, chaque explosion du missile, chaque explosion de la mine dans le champ ou sur la route. O\u00f9 volent nos abeilles, comment elles fuient ?<\/p>\n\n\n<p style=\"text-align: left; \">Plusieurs apiculteurs ukrainiens ont quitt\u00e9 leurs ruchers, remplac\u00e9 les ciseaux par les armes, et la vie pacifique par l\u2019enfer militaire o\u00f9 le risque d\u2019\u00eatre tu\u00e9 est imminent. Maintenant, ils sont les guerriers, qui se sont lev\u00e9s, c\u00f4te \u00e0 c\u00f4te, et ne permettent pas \u00e0 l\u2019ennemi d\u2019envahir notre pays.<\/p>\n<p style=\"text-align: left; \">Plusieurs apiculteurs sont contraints de quitter leurs ruchers suite \u00e0 l\u2019occupation des villes et villages par l\u2019ennemi, suite au besoin de se rendre sur les territoires s\u00fbrs. Les femmes des apiculteurs doivent se s\u00e9parer de leurs familles, quitter leurs domiciles et sauver leurs enfants dans la recherche de l\u2019asile dans les r\u00e9gions plus s\u00fbres de l\u2019Ouest de l\u2019Ukraine.<\/p>\n<p style=\"text-align: left; \">Plusieurs apiculteurs sont contraints de quitter leurs ruchers suite \u00e0 l\u2019occupation des villes et villages par l\u2019ennemi, suite au besoin de se rendre sur les territoires s\u00fbrs. Les femmes des apiculteurs doivent se s\u00e9parer de leurs familles, quitter leurs domiciles et sauver leurs enfants dans la recherche de l\u2019asile dans les r\u00e9gions plus s\u00fbres de l\u2019Ouest de l\u2019Ukraine.<\/p>\n\r\n\n<p style=\"text-align: left; \">J\u2019appelle nos amis apiculteurs et nos sympathisants du monde entier, nous r\u00e9unir pour \u00eatre dignes des exploits des Ukrainiens dans la guerre pour la libert\u00e9, la paix dans le monde, contre la tyrannie, contre la Russie.<\/p>\n<p style=\"text-align: left; \">Nous remercions \u00e0 chacun qui aide, qui soutient. C\u2019est un moment historique, une reconnaissance historique. Et nous ne l&rsquo;oublierons jamais.<\/p>\nVotre aide dans le cadre du <span style=\"color:#0047b2;\"><u>Programme \u00abAide sur les ailes de l\u2019abeille\u00bb <\/u><\/span>peut avoir des formes diverses :\n\nVous pouvez partager (par Youtube, messageries, r\u00e9seaux sociaux, forums, publications dans les mass-media, contacts personnels, etc.) \u00e0 l\u2019\u00e9ventail de personnes aussi large que possible l\u2019information de notre Programme \u00ab Aide sur les ailes de l\u2019abeille\u00bb;\n<span style=\"color:#0047b2;\"><u>Vous pouvez nous virer n\u2019importe quel montant par tout moyen qui vous convient;<\/u><\/span>\nVous pouvez nous aider \u00e0 trouver des fournisseurs potentiels des produits dont nous avons besoin pour organiser la restauration des fermes apicoles, ruchers, partiellement ou totalement d\u00e9truits suite aux tirs de roquettes des territoires, villages et villes, ainsi que pour former l\u2019aide humanitaire aux apiculteurs et leurs familles;\nVous pouvez acheter et envoyer au d\u00e9p\u00f4t de nos partenaires en Pologne les produits que nous avons besoin pour organiser la restauration des fermes apicoles, ruchers, partiellement ou totalement d\u00e9truits suite aux tirs de roquettes des territoires, villages et villes, ainsi que pour former l\u2019aide humanitaire aux apiculteurs et leurs familles.\n\n<p style=\"text-align: left; \"><strong>C\u2019est maintenant, nous avons besoin de votre aide et nous vous serions reconnaissants !<\/strong><\/p>\n<p style=\"text-align: left; \">Parce que nous faisons tout notre possible pour:<\/p>\n\nAider aux apiculteurs \u00e0 restaurer leurs fermes apicoles, ruchers d\u00e9truits ou perdus suite \u00e0 la guerre;\nAider aux familles des apiculteurs \u2013 leurs femmes, enfants et parents \u00e2g\u00e9s de se d\u00e9placer temporairement en r\u00e9gions sans danger de l\u2019Ukraine et de recevoir l\u2019aide humanitaire;\nAider \u00e0 trouver l\u2019aide humanitaire n\u00e9cessaire \u00e0 l\u2019apiculteur guerrier pour sauver sa vie et lui aider de revenir vivant \u00e0 sa famille, \u00e0 la vie pacifique, \u00e0 son affaire aim\u00e9e \u2013 l\u2019apiculture.\n\n<p style=\"text-align: left; \">Quoi qu&rsquo;il en soit, nous tous devons penser \u00e0 l\u2019avenir. Quelle sera l\u2019Ukraine apr\u00e8s la guerre, comment on travaillera avec nos petites abeilles dans les ruchers fleuris, comment on vous offrira de miel, nos chers amis, et vous accueillir volontiers sur notre terre pacifique ukrainienne.<\/p>\n<p style=\"text-align: left; \">Et aujourd\u2019hui pour cette vie pacifique \u00e0 venir nous nous battons pour la paix ! Pour nous tous !<\/p>\n<p style=\"text-align: left; font-weight: bold; \">Aidez-nous ! Faites-le !<\/p>\n<p style=\"text-align: left; font-weight: bold;  \">Meilleures salutations, <br>\nTetyana Vasylkivska\n<\/p>\n\nDirecteur Organisation caritative \u00abFonds de bienfaisance \u00abAide sur les ailes de l\u2019abeille\u00bb\nPr\u00e9sidente du conseil d&rsquo;administration de l\u2019Association \u00e0 but non lucratif \u00abFraternit\u00e9 panukrainienne des apiculteurs de l\u2019Ukraine\u00bb\nExpert \u2013 conseil en mati\u00e8re de planification strat\u00e9gique, int\u00e9gration europ\u00e9enne et d\u00e9veloppement durable\nExpert du groupe de travail \u00abCoop\u00e9ration \u00e9conomique, zone de libre-\u00e9change, coop\u00e9ration transfrontali\u00e8re\u00bb de la plate-forme de la soci\u00e9t\u00e9 civile UE-Ukraine.\nPr\u00e9sidente du \u0425\u0425\u0425\u0425\u0406\u0406\u0406\u00e8me Congr\u00e8s international Apimondia, Ukraine, 2013\nMembre honoraire de la F\u00e9d\u00e9ration internationale des associations apicoles Apimondia\nAmbassadrice d&rsquo;Honneur de Lviv\n\n\n\n","protected":false},"excerpt":{"rendered":"","protected":false},"author":1,"featured_media":0,"parent":0,"menu_order":0,"comment_status":"closed","ping_status":"closed","template":"","meta":{"pagelayer_contact_templates":[],"_pagelayer_content":"","footnotes":""},"class_list":["post-209","page","type-page","status-publish","hentry"],"_links":{"self":[{"href":"https:\/\/veterans-and-bees.com\/fr\/wp-json\/wp\/v2\/pages\/209","targetHints":{"allow":["GET"]}}],"collection":[{"href":"https:\/\/veterans-and-bees.com\/fr\/wp-json\/wp\/v2\/pages"}],"about":[{"href":"https:\/\/veterans-and-bees.com\/fr\/wp-json\/wp\/v2\/types\/page"}],"author":[{"embeddable":true,"href":"https:\/\/veterans-and-bees.com\/fr\/wp-json\/wp\/v2\/users\/1"}],"replies":[{"embeddable":true,"href":"https:\/\/veterans-and-bees.com\/fr\/wp-json\/wp\/v2\/comments?post=209"}],"version-history":[{"count":22,"href":"https:\/\/veterans-and-bees.com\/fr\/wp-json\/wp\/v2\/pages\/209\/revisions"}],"predecessor-version":[{"id":343,"href":"https:\/\/veterans-and-bees.com\/fr\/wp-json\/wp\/v2\/pages\/209\/revisions\/343"}],"wp:attachment":[{"href":"https:\/\/veterans-and-bees.com\/fr\/wp-json\/wp\/v2\/media?parent=209"}],"curies":[{"name":"wp","href":"https:\/\/api.w.org\/{rel}","templated":true}]}}