{"id":81,"date":"2022-04-02T11:11:28","date_gmt":"2022-04-02T08:11:28","guid":{"rendered":"https:\/\/veterans-and-bees.com\/fr\/home\/"},"modified":"2025-09-04T11:57:03","modified_gmt":"2025-09-04T08:57:03","slug":"home","status":"publish","type":"page","link":"https:\/\/veterans-and-bees.com\/fr\/","title":{"rendered":"Accueil"},"content":{"rendered":"\n\n\nAIDE\n\nSUR LES AILES DE L\u2019ABEILLE\n\n<p style=\"text-align: left;\"><span style=\"color: #eeece1; \">\u00abAide sur les ailes de l\u2019abeille\u00bb est le Programme de soutien des apiculteurs en p\u00e9riode de guerre afin de restaurer les ruchers perdus et pr\u00eater l\u2019aide humanitaire aux femmes et enfants des apiculteurs dans l\u2019asile temporaire en r\u00e9gions sans danger de l\u2019Ukraine.<\/span><\/p>\n\n\n\n\n\n\n\n\n<h4>QUI <span style=\"color: #FEB209;\"> SOMMES NOUS<\/span><\/h4>\n<p style=\"text-align: center; font-size: 13px; \">L\u2019Association \u00e0 but non lucratif \u00ab Fraternit\u00e9 panukrainienne des apiculteurs de l\u2019Ukraine \u00bb prot\u00e8ge les int\u00e9r\u00eats de l\u2019apiculture ukrainienne en g\u00e9n\u00e9ral, et notamment de chaque apiculteur \u00e0 tous les niveaux.<\/p>\n<p style=\"text-align: left;\">Depuis 2005, l\u2019organisation m\u00e8ne des activit\u00e9s internationales, participe dans les Congr\u00e8s des apiculteurs internationaux, conf\u00e9rences, symposiums dans le monde entier, sur plusieurs continents. L\u2019Association a re\u00e7u plus de 50 r\u00e9compenses internationales en Grande-Bretagne, Australie, France, etc. L\u2019Association est le membre \u00e0 part enti\u00e8re de la F\u00e9d\u00e9ration internationale des associations apicoles (APIMONDIA), de la F\u00e9d\u00e9ration europ\u00e9enne des associations apicoles (APISLAVIE) et de la <a style=\"color:#0047b2;\" href=\"https:\/\/ebaeurope.eu\/\">Association Europ\u00e9enne d&rsquo;Apiculture<\/a>.<\/p>\n<p style=\"text-align: left;\">En septembre \u2013 octobre 2013, l\u2019Association a organis\u00e9 \u00e0 Kyiv le plus grand XXXXIII Congr\u00e8s international Apimondia et a re\u00e7u plus de 9000 d\u00e9l\u00e9gu\u00e9s de 115 pays du monde de cinq continents.<\/p>\n<p style=\"text-align: left;\">L\u2019association g\u00e9n\u00e8re et r\u00e9alise les projets suivants: \u00abAide sur les ailes de l\u2019abeille\u00bb &#8211; l\u2019aide aux handicap\u00e9s v\u00e9t\u00e9rans dans la r\u00e9adaptation professionnelle et la r\u00e9insertion dans la vie civile (apr\u00e8s la guerre), \u00abPlantons le jardin mellif\u00e8re\u00bb &#8211; la campagne de plantage des plantes mellif\u00e8res, \u00abProt\u00e9geons les abeilles contre l\u2019empoisonnement aux pesticides\u00bb &#8211; la mission commune avec les agriculteurs en mati\u00e8re des communications efficaces \u00e0 pr\u00e9server les abeilles, \u00abApiculteur \u2013 producteur et exportateur\u00bb &#8211; le d\u00e9veloppement de petites et moyennes entreprises apicoles, etc.<\/p>\n\n\n\n\r\n\n\r\n\n\n\n\n\n<h4>\u00c0 PROPOS<span style=\"color: #feb209;\"> LE PROJET<\/span><\/h4>\n<p style=\"text-align: center; font-size: 13px; \">L\u2019Association \u00e0 but non lucratif \u00abFraternit\u00e9 panukrainienne des apiculteurs de l\u2019Ukraine\u00bb initie et Organisation caritative \u00abFonds de bienfaisance \u00abAide sur les ailes de l\u2019abeille\u00bb r\u00e9alise le Programme \u00abAide sur les ailes de l\u2019abeille\u00bb con\u00e7u \u00e0 soutenir et aider aux apiculteurs ukrainiens pendant la guerre.<\/p>\n\n\n\r\n\n\r\n\n\n\n<p style=\"text-align: left; \">En temps de paix, le programme \u00ab Aide sur les ailes de l\u2019abeille \u00bb pr\u00e9voit le soutien et la r\u00e9adaptation professionnelle des handicap\u00e9s v\u00e9t\u00e9rans, la ma\u00eetrise par des v\u00e9t\u00e9rans du m\u00e9tier d\u2019apiculteur, l\u2019adaptation aux conditions de travail dans le rucher conform\u00e9ment aux capacit\u00e9s physiques particuli\u00e8res du v\u00e9t\u00e9ran.<\/p>\n<p style=\"text-align: left; \">En p\u00e9riode de guerre, nous concentrons nos efforts sur la mise en \u0153uvre du Programme \u00e9largi \u00abAide sur les ailes de l\u2019abeille\u00bb :<\/p>\n\nNous aidons aux apiculteurs \u00e0 restaurer leurs fermes apicoles, ruchers d\u00e9truits ou perdus suite \u00e0 la guerre. Nous suivons et collectons des informations sur les fermes apicoles, ruchers d\u00e9truits, ravag\u00e9s ou laiss\u00e9s sans surveillance en temps de guerre. Nous traitons les informations collect\u00e9es, les v\u00e9rifions. Nous d\u00e9finissons l&rsquo;ampleur de la destruction des fermes apicoles, ruchers et les volumes de l\u2019aide n\u00e9cessaire \u00e0 restaurer partiellement et contribuer \u00e0 la reconstruction des fermes apicoles, ruchers. Ce travail est en cours et sera poursuivi en continu en temps de guerre et d\u2019agression militaire. Ce travail est notre priorit\u00e9.\nNous aidons aux familles des apiculteurs \u2013 ce sont leurs femmes, enfants et parents \u00e2g\u00e9s contraints de quitter leurs maisons et se d\u00e9placer temporairement en r\u00e9gions sans danger de l\u2019Ukraine. Nous informons, coordonnons le proc\u00e9d\u00e9 de d\u00e9placement, si besoin, nous assurons l\u2019octroi de l\u2019aide humanitaire aux membres des familles. Ce travail est en cours et sera poursuivi tant qu&rsquo;on aura besoin. Ce travail est notre priorit\u00e9.\nNous aidons aux apiculteurs devenus guerriers dans les recherches des v\u00eatements de protection (munitions) et kits de secours. Nous adressons ces demandes aux fondations caritatives pour qu\u2019elles ach\u00e8tenet les v\u00eatements de protection (munitions) et kits de secours m\u00e9dicaux \u00e0 leurs frais et nous remettent pour les apiculteurs guerriers. Ce travail est fait aux demandes des apiculteurs eux-m\u00eames quand ils nous adressens leurs demandes \u2013 ce qu\u2019ils cherchent vraiement pour prot\u00e9ger leurs vies. Ce travail n\u2019a pas de caract\u00e8re syst\u00e9mique et de masse, il est personnel pour chaque apiculteur \u00e0 sa demande.\n\n\n\n\n\n\n\n\n<h4>TRAVAIL DE <span style=\"color: #feb209;\">PRIORIT\u00c9<\/span><\/h4>\n<p style=\"text-align: center; font-size: 13px; \">L\u2019aide et l\u2019assistance aux apiculteurs \u00e0 restaurer leurs fermes apicoles, ruchers d\u00e9truits ou perdus suite \u00e0 la guerre. L\u2019aide aux familles des apiculteurs \u2013 leurs femmes, enfants et parents \u00e2g\u00e9s de se d\u00e9placer temporairement et recevoir l\u2019aide humanitaire.<\/p>\n\n\n\n\n\r\n\n\r\n\n<h3>AIDE et CONCOURS \u00e0 la RESTAURATION <span style=\"color: #feb209;\">DES RUCHERS<\/span><\/h3>\n\n\n\n\n\n\n\n\r\n\n\r\n\n<h3>AIDE AUX FAMILLES <span style=\"color: #feb209;\">DES APICULTEURS<\/span><\/h3>\n\n\n\n\n\n\n\n\n\n\n\n\n\n\n\n\n\n\n\n<h3>RIB \u00c0 EFFECTUER<span style=\"color: #fff;\">  DES VIREMENTS<\/span><\/h3>\n\n\n<h5>Pour virements de l\u2019\u00e9tranger <span style=\"color: #fff;\">en EUR<\/span><\/span><\/h5>\n<p style=\"text-align: left;\">B\u00e9n\u00e9ficiaire:  CO CF HBW<br>IBAN: UA543052990000026008041023364<br>Banque du b\u00e9n\u00e9ficiaire: JSC CB \u00ab\u00a0PRIVATBANK\u00a0\u00bb, 1D HRUSHEVSKOHO STR., KYIV, 01001, UKRAINE<br>\nAdresse de la soci\u00e9t\u00e9: Office 11, 5, Lychakivska Str., Lviv, 79008, Ukraine<br>\n BIC: PBANUA2X<br>Destination du virement:  \u00ab\u00a0Non-repayable charitable donation\u00a0\u00bb<br><br>Banque correspondante\u00a0: Commerzbank AG, Frankfurt am Main, Germany<br>\n BIC: COBADEFF<\/p>\n<h5>Pour virements de l\u2019\u00e9tranger <span style=\"color: #fff;\">en USD<\/span><\/span><\/h5>\n<p style=\"text-align: left;\">B\u00e9n\u00e9ficiaire:  CO CF HBW<br>IBAN: UA633052990000026002001033022<br>Banque du b\u00e9n\u00e9ficiaire: JSC CB \u00ab\u00a0PRIVATBANK\u00a0\u00bb, 1D HRUSHEVSKOHO STR., KYIV, 01001, UKRAINE<br>\nAdresse de la soci\u00e9t\u00e9: Office 11, 5, Lychakivska Str., Lviv, 79008, Ukraine<br>\n BIC: PBANUA2X<br>Destination du virement:  \u00ab\u00a0Non-repayable charitable donation\u00a0\u00bb<br><br>Banque correspondante: Correspondent bank: JP Morgan Chase Bank, New York, USA<br>\n BIC: CHASUS33<\/p>\n\n\n<h5>Pour virements de l\u2019Ukraine <span style=\"color: #fff;\">en UAH<\/span><\/span><\/h5>\n<p style=\"text-align: left; \">B\u00e9n\u00e9ficiaire:  CO CF HBW <br>IBAN: UA903052990000026000041031815<br>\nBanque du b\u00e9n\u00e9ficiaire: JSC CB \u00ab\u00a0PRIVATBANK\u00a0\u00bb, 1D HRUSHEVSKOHO STR., KYIV, 01001, UKRAINE<br>\nAdresse de la soci\u00e9t\u00e9: Office 11, 5, Lychakivska Str., Lviv, 79008, Ukraine<br>\ncode EDRPOU: 45102167<br>Destination du virement: \u00ab\u00a0Charitable contribution\u00a0\u00bb<\/p>\n<h5>Faites un don avec <span style=\"color: #fff;\">BITCOIN WALLET (BTC)<\/span><\/span><\/h5>\n<p style=\"text-align: left; \">Mon adresse publique:  <\/p> <wal><p style=\"text-align: left; margin-right: 2em;\"> bc1qszgr6kqrfawkyre7fzj4hx4huqvfylneq57k97<\/p><\/wal>\n<h5>Faites un don avec <span style=\"color: #fff;\">ETHEREUM (ETH)<\/span><\/span><\/h5>\n<p style=\"text-align: left; \">Mon adresse publique:  <\/p> <wal><p style=\"text-align: left; margin-right: 2em;\"> 0x76ECBDba27Bc56314A5Fc2959D93a9cD35Dfc74a<\/p> <\/wal>\n<h5>Faites un don avec <span style=\"color: #fff;\">TRON (TRX)<\/span><\/span><\/h5>\n<p style=\"text-align: left; \">Mon adresse publique:  <\/p> <wal><p style=\"text-align: left; margin-right: 2em;\"> TVzcuFtuhnoH4xacNkVkDDJJF6niNkVZN1<\/p> <\/wal>\n<h5>Faites un don avec <span style=\"color: #fff;\">SOLANA (SOL)<\/span><\/span><\/h5>\n<p style=\"text-align: left; \">Mon adresse publique:  <\/p> <wal><p style=\"text-align: left; margin-right: 2em;\"> 4E7PRwq6A8jdCcLDYn5QwMmWYcz1e3JtZZnoAxQn2DC3<\/p><\/wal>\n\n\n\n\n\n\n\n\n\n<p style=\"text-align: left;\">D\u2019ailleurs, vous pouvez faire votre don \u00e0 l\u2019aide du syst\u00e8me de paiement PayPal. Utilisez s\u2019il vous pla\u00eet cet courriel: <strong>tetyana@apimondia2013.org.ua<\/strong> pour virer votre don sur notre compte PayPal. <br> <span style=\"font-size:small;\">Par votre don, vous donnez votre consentement \u00e0 l\u2019utilisation\/distribution de ces fonds par Organisation caritative \u00abFonds de bienfaisance \u00abAide sur les ailes de l\u2019abeille\u00bb pour le produit ou le service qui, \u00e0 l\u2019avis de Organisation caritative \u00abFonds de bienfaisance \u00abAide sur les ailes de l\u2019abeille\u00bb, n\u00e9cessite le financement prioritaire.<\/span><\/p>\n\n\n<p style=\"text-align: left;\"><strong> <span style=\"font-size: large;\">Projet \u00ab VRAMA : R\u00e9insertion des v\u00e9t\u00e9rans par l\u2019apiculture et l\u2019agriculture \u00bb <\/span><\/strong> <br><span style=\"font-size: small;\">Un projet visant \u00e0 soutenir 10 v\u00e9t\u00e9rans gr\u00e2ce \u00e0 des formations, des comp\u00e9tences pratiques et des \u00e9quipements modernes dans les domaines de l\u2019apiculture et de l\u2019agriculture. L\u2019initiative favorise l\u2019int\u00e9gration sociale, la r\u00e9cup\u00e9ration psychologique, le d\u00e9veloppement des communaut\u00e9s locales, la durabilit\u00e9 environnementale et la s\u00e9curit\u00e9 alimentaire.nmental sustainability, and food security.<\/span><br>\n<strong>Budget : 35 000 \u20ac <span style=\"font-size:small;\"><\/span><\/strong>(~ \u20b4 1,930,000) <br>\n<strong>Calendrier : jusqu\u2019au 31 d\u00e9cembre 2026<\/strong> <br>\n<span style=\"font-size:small;\">Les fonds non utilis\u00e9s seront allou\u00e9s \u00e0 d\u2019autres projets poursuivant des objectifs similaires. En faisant un don, vous acceptez qu\u2019il soit non remboursable et qu\u2019il puisse \u00eatre r\u00e9affect\u00e9 \u00e0 d\u2019autres projets si la collecte est close ou devenue non pertinente.<\/span><\/p>\n\n\n\n<h3>NOS PARTENAIRES <span style=\"color: #feb209;\"> ET DONATEURS<\/span><\/h3>\n<p style=\"text-align: center; font-size: 13px; \"><br><\/p>\n\n","protected":false},"excerpt":{"rendered":"","protected":false},"author":1,"featured_media":0,"parent":0,"menu_order":0,"comment_status":"closed","ping_status":"closed","template":"","meta":{"pagelayer_contact_templates":[],"_pagelayer_content":"","footnotes":""},"class_list":["post-81","page","type-page","status-publish","hentry"],"_links":{"self":[{"href":"https:\/\/veterans-and-bees.com\/fr\/wp-json\/wp\/v2\/pages\/81","targetHints":{"allow":["GET"]}}],"collection":[{"href":"https:\/\/veterans-and-bees.com\/fr\/wp-json\/wp\/v2\/pages"}],"about":[{"href":"https:\/\/veterans-and-bees.com\/fr\/wp-json\/wp\/v2\/types\/page"}],"author":[{"embeddable":true,"href":"https:\/\/veterans-and-bees.com\/fr\/wp-json\/wp\/v2\/users\/1"}],"replies":[{"embeddable":true,"href":"https:\/\/veterans-and-bees.com\/fr\/wp-json\/wp\/v2\/comments?post=81"}],"version-history":[{"count":84,"href":"https:\/\/veterans-and-bees.com\/fr\/wp-json\/wp\/v2\/pages\/81\/revisions"}],"predecessor-version":[{"id":369,"href":"https:\/\/veterans-and-bees.com\/fr\/wp-json\/wp\/v2\/pages\/81\/revisions\/369"}],"wp:attachment":[{"href":"https:\/\/veterans-and-bees.com\/fr\/wp-json\/wp\/v2\/media?parent=81"}],"curies":[{"name":"wp","href":"https:\/\/api.w.org\/{rel}","templated":true}]}}