{"id":84,"date":"2022-04-02T11:11:28","date_gmt":"2022-04-02T08:11:28","guid":{"rendered":"https:\/\/veterans-and-bees.com\/fr\/contact\/"},"modified":"2022-04-25T00:12:02","modified_gmt":"2022-04-24T21:12:02","slug":"contacts","status":"publish","type":"page","link":"https:\/\/veterans-and-bees.com\/fr\/contacts\/","title":{"rendered":"Contacts"},"content":{"rendered":"\n\n\n\n\n\n\n\n\n\n\n<h4>NOUS<span style=\"color: #FEB209;\"> CONTACTER<\/span><\/h4>\n<p style=\"text-align: center; font-size: 13px;\">Si vous avez des questions, observations ou plaintes, n\u2019h\u00e9sitez pas \u00e0 nous \u00e9crire et nous r\u00e9pondrons \u00e0 toutes vos questions<\/p>\n\n\n\n\n\n\n\n\n\nAdresse:\n\n\n\nT\u00e9l\u00e9phone:\n\n\n\nEmail:\n\n\n\n\n\n\n\n5 Lytchakivska, Lviv, Ukraine\n\n\n","protected":false},"excerpt":{"rendered":"","protected":false},"author":1,"featured_media":0,"parent":0,"menu_order":0,"comment_status":"closed","ping_status":"closed","template":"","meta":{"pagelayer_contact_templates":{"2r86052":{"from_email":"$email","cont_subject":"Contact Page Form [$subject]","cont_header":"$name,$lastname,$email,$phone,$reason,$subject,$message"}},"_pagelayer_content":"","footnotes":""},"class_list":["post-84","page","type-page","status-publish","hentry"],"_links":{"self":[{"href":"https:\/\/veterans-and-bees.com\/fr\/wp-json\/wp\/v2\/pages\/84","targetHints":{"allow":["GET"]}}],"collection":[{"href":"https:\/\/veterans-and-bees.com\/fr\/wp-json\/wp\/v2\/pages"}],"about":[{"href":"https:\/\/veterans-and-bees.com\/fr\/wp-json\/wp\/v2\/types\/page"}],"author":[{"embeddable":true,"href":"https:\/\/veterans-and-bees.com\/fr\/wp-json\/wp\/v2\/users\/1"}],"replies":[{"embeddable":true,"href":"https:\/\/veterans-and-bees.com\/fr\/wp-json\/wp\/v2\/comments?post=84"}],"version-history":[{"count":13,"href":"https:\/\/veterans-and-bees.com\/fr\/wp-json\/wp\/v2\/pages\/84\/revisions"}],"predecessor-version":[{"id":258,"href":"https:\/\/veterans-and-bees.com\/fr\/wp-json\/wp\/v2\/pages\/84\/revisions\/258"}],"wp:attachment":[{"href":"https:\/\/veterans-and-bees.com\/fr\/wp-json\/wp\/v2\/media?parent=84"}],"curies":[{"name":"wp","href":"https:\/\/api.w.org\/{rel}","templated":true}]}}