{"id":110,"date":"2022-05-10T18:06:19","date_gmt":"2022-05-10T15:06:19","guid":{"rendered":"https:\/\/veterans-and-bees.com\/pl\/home\/"},"modified":"2025-09-04T11:58:33","modified_gmt":"2025-09-04T08:58:33","slug":"home","status":"publish","type":"page","link":"https:\/\/veterans-and-bees.com\/pl\/","title":{"rendered":"STRONA G\u0141\u00d3WNA"},"content":{"rendered":"\n\n\nPomoc\n\nna pszczelich skrzyde\u0142kach\n\n<p style=\"text-align: left;\"><span style=\"color: #eeece1; \">\u201ePomoc na pszczelich skrzyde\u0142kach\u201d jest programem wsparcia pszczelarzy w czasach wojennych z zakresu odnawiania pasiek i pomocy humanitarnej \u017conom i dzieciom pszczelarzy w schronieniu tymczasowym w bezpiecznych rejonach Ukrainy.<\/span><\/p>\n\n\n\n\n\n\n\n\n<h4>O<span style=\"color: #FEB209;\"> NAS<\/span><\/h4>\n<p style=\"text-align: center; font-size: 13px; \">Organizacja pozarz\u0105dowa &#8222;Og\u00f3lnoukrai\u0144skie Bractwo Pszczelarzy Ukrainy&#8221; broni interes\u00f3w ukrai\u0144skiego pszczelarstwa w ca\u0142o\u015bci i ka\u017cdego pszczelarza w szczeg\u00f3lno\u015bci, na wszystkich poziomach.<\/p>\n<p style=\"text-align: left;\">Od 2005 r. organizacja prowadzi dzia\u0142alno\u015b\u0107 mi\u0119dzynarodow\u0105, uczestnicz\u0105c w Mi\u0119dzynarodowych Kongresach Pszczelarskich, konferencjach i sympozjach na ca\u0142ym \u015bwiecie, na r\u00f3\u017cnych kontynentach. Otrzyma\u0142a ponad 50 mi\u0119dzynarodowych odznak honorowych m.in. w Wielkiej Brytanii, Australii, Francji. Jest pe\u0142noprawnym cz\u0142onkiem Mi\u0119dzynarodowej Organizacji Zwi\u0105zk\u00f3w Pszczelarskich Apimondia, Europejskiej Federacji Stowarzysze\u0144 Pszczelarskich Apislavia oraz <a style=\"color:#0047b2;\" href=\"https:\/\/ebaeurope.eu\/\">Europejskie Stowarzyszenie Pszczelarskie<\/a>.<\/p>\n<p style=\"text-align: left;\">We wrze\u015bniu-pa\u017adzierniku 2013 roku Organizacja go\u015bci\u0142a w Kijowie najwi\u0119kszy XXXXIII Mi\u0119dzynarodowy Kongres Apimondii, przyjmuj\u0105c ponad 9 tys. delegat\u00f3w ze 115 kraj\u00f3w na pi\u0119ciu kontynentach.<\/p>\n<p style=\"text-align: left;\">Organizacja tworzy i realizuje projekty: &#8222;Pomoc na pszczelich skrzyde\u0142kach\u201d pomoc niepe\u0142nosprawnym weteranom w rehabilitacji zawodowej i adaptacji do \u017cycia cywilnego w czasie pokoju (okresie powojennym), &#8222;Posad\u017a miodowy gaj&#8221; &#8211; akcje sadzenia ro\u015blin miododajnych, &#8222;Chro\u0144my pszczo\u0142y przed zatruciem pestycydami&#8221; \u2013 wsp\u00f3lne z rolnikami zadanie dotycz\u0105ce skutecznej komunikacji w celu ochrony pszcz\u00f3\u0142, &#8222;Pszczelarz &#8211; producent i eksporter&#8221; &#8211; rozw\u00f3j ma\u0142ej i \u015bredniej przedsi\u0119biorczo\u015bci w pszczelarstwie itp.<\/p>\n\n\n\n\r\n\n\r\n\n\n\n\n\n<h4>O<span style=\"color: #feb209;\"> PROJEKCIE<\/span><\/h4>\n<p style=\"text-align: center; font-size: 13px; \">Organizacja pozarz\u0105dowa &#8222;Og\u00f3lnoukrai\u0144skie Bractwo Pszczelarzy Ukrainy&#8221; inicjuje i realizuje program \u201ePomoc na pszczelich skrzyde\u0142kach\u201d, kt\u00f3rego celem jest wsparcie i pomoc ukrai\u0144skim pszczelarzom w czasie wojny.<\/p>\n\n\n\r\n\n\r\n\n\n\n<p style=\"text-align: left; \">Program \u201ePomoc na pszczelich skrzyde\u0142kach\u201d w Program w czasie pokoju zapewnia wsparcie i rehabilitacj\u0119 zawodow\u0105 dla niepe\u0142nosprawnych weteran\u00f3w, opanowanie przez nich zawodu pszczelarza oraz dostosowanie do warunk\u00f3w pracy w pasiece zgodnie ze specjalnymi mo\u017cliwo\u015bciami i potrzebami fizycznymi weterana.<\/p>\n<p style=\"text-align: left; \">W czasie wojny wszystkie wysi\u0142ki organizacji koncentrujemy na realizacji rozszerzonej wersji programu \u201ePomoc na pszczelich skrzyde\u0142kach\u201d:<\/p>\n\nPomagamy pszczelarzom w odbudowie gospodarstw pszczelarskich, pasiek zniszczonych lub utraconych w wyniku dzia\u0142a\u0144 wojennych. Monitorujemy i zbieramy informacje o pasiekach i gospodarstwach pszczelarskich, kt\u00f3re zosta\u0142y zniszczone, spustoszone lub pozostawione bez opieki w czasie wojny. Przetwarzamy otrzymane informacje i weryfikujemy je. Okre\u015blamy skal\u0119 zniszcze\u0144 pasiek i wielko\u015b\u0107 pomocy potrzebnej do cz\u0119\u015bciowej odbudowy oraz pomocy w dalszej odbudowie gospodarstw pszczelarskich i pasiek. Prace te trwaj\u0105 ju\u017c teraz i b\u0119d\u0105 kontynuowane podczas agresji militarnej. Prace te s\u0105 priorytetowe.\nPomagamy rodzinom pszczelarzy &#8211; kobietom, dzieciom i starszym rodzicom, kt\u00f3rzy s\u0105 zmuszeni do opuszczenia swoich dom\u00f3w i czasowego przeniesienia si\u0119 w bezpieczne rejony Ukrainy. Informujemy ich, koordynujemy proces przesiedlenia, a w razie potrzeby zapewniamy rodzinom pomoc humanitarn\u0105. Prace te trwaj\u0105 ju\u017c teraz i b\u0119d\u0105 kontynuowane tak d\u0142ugo, jak b\u0119dzie to potrzebne. Prace te s\u0105 priorytetowe.\nPomagamy pszczelarzom, kt\u00f3rzy stali si\u0119 \u017co\u0142nierzami w znalezieniu odpowiedniej odzie\u017cy ochronnej (sprz\u0119tu) i zestaw\u00f3w medycznych dla nich. W tej kwestii zwracamy si\u0119 do fundacji charytatywnych, aby na w\u0142asny koszt zakupi\u0142y odzie\u017c (sprz\u0119t) ochronn\u0105 i apteczki pierwszej pomocy, a nast\u0119pnie przekaza\u0142y je nam dla pszczelarzy-\u017co\u0142nierzy. Prace te wykonywane s\u0105 na pro\u015bb\u0119 samych pszczelarzy, kt\u00f3rzy zg\u0142aszaj\u0105 zapotrzebowanie &#8211; czego dok\u0142adnie potrzebuj\u0105, aby chroni\u0107 swoje \u017cycie. Prace te nie maj\u0105 charakteru systematycznego i masowego, s\u0105 indywidualne dla ka\u017cdego pszczelarza.\n\n\n\n\n\n\n\n\n\n\n\n\n<h4>PRACA<span style=\"color: #feb209;\">  PRIORYTETOWA<\/span><\/h4>\n<p style=\"text-align: center; font-size: 13px; \">Pomoc i wsparcie pszczelarzy w odbudowie gospodarstw pszczelarskich, zniszczonych lub utraconych w wyniku dzia\u0142a\u0144 wojennych pasiek. Pomoc rodzinom pszczelarzy &#8211; kobietom, dzieciom, starszym rodzicom w tymczasowym przeniesieniu si\u0119 oraz wsparcie humanitarne tych rodzin.<\/p>\n\n\n\n\n\r\n\n\r\n\n<h3>POMOC W ODBUDOWIE <span style=\"color: #feb209;\">PASIEK<\/span><\/h3>\n\n\n\n\n\n\n\n\r\n\n\r\n\n<h3>POMOC <span style=\"color: #feb209;\">RODZINOM PSZCZELARZY<\/span><\/h3>\n\n\n\n\n\n\n\n\n\n\n\n\n\n\n\n\n\n\n\n<h3>DANE DO <span style=\"color: #fff;\"> DOKONANIA P\u0141ATNO\u015aCI<\/span><\/h3>\n\n\n<h5>Dla przelew\u00f3w z zagranicy   <span style=\"color: #fff;\">w EUR<\/span><\/span><\/h5>\n<p style=\"text-align: left;\">Beneficiary: CO CF HBW<br>Account No.: UA543052990000026008041023364 <br>Bank of beneficiary: JSC CB &#8222;PRIVATBANK&#8221;, 1D HRUSHEVSKOHO STR., KYIV, 01001, UKRAINE<br>\nCompany address: Office 11, 5, Lychakivska Str., Lviv, 79008, Ukraine <br>\nSwift code: PBANUA2X<br>Payment description: &#8222;Non-repayable charitable donation&#8221;<br><br>Correspondent bank: Commerzbank AG, Frankfurt am Main, Germany<br>\nSwift code: COBADEFF<br><\/p>\n<h5>Dla przelew\u00f3w z zagranicy   <span style=\"color: #fff;\">w USD<\/span><\/span><\/h5>\n<p style=\"text-align: left;\">Beneficiary: CO CF HBW<br>Account No.: UA633052990000026002001033022 <br>Bank of beneficiary: JSC CB &#8222;PRIVATBANK&#8221;, 1D HRUSHEVSKOHO STR., KYIV, 01001, UKRAINE<br>\nCompany address: Office 11, 5, Lychakivska Str., Lviv, 79008, Ukraine<br>\nSwift code: PBANUA2X<br>Payment description: &#8222;Non-repayable charitable donation&#8221;<br><br>Correspondent bank: JP Morgan Chase Bank, New York ,USA<br>\nSwift code: CHASUS33<br><\/p>\n\n\n<h5>Dla przelew\u00f3w w Ukrainie <span style=\"color: #fff;\">w UAH<\/span><\/span><\/h5>\n<p style=\"text-align: left; \">Beneficiary: CO CF HBW<br>Account No.: UA903052990000026000041031815<br>\nBank of beneficiary: JSC CB &#8222;PRIVATBANK&#8221;, 1D HRUSHEVSKOHO STR., KYIV, 01001, UKRAINE<br>\nCompany address: Office 11, 5, Lychakivska Str., Lviv, 79008, Ukraine<br>\nEDRPOU Code: 45102167<br>Payment description: &#8222;Charitable contribution&#8221;<\/p>\n<h5>Dla przelew\u00f3w w <span style=\"color: #fff;\">BITCOIN WALLET (BTC)<\/span><\/span><\/h5>\n<p style=\"text-align: left; \">SegWit address:<\/p> <wal><p style=\"text-align: left; margin-right: 2em;\"> bc1qszgr6kqrfawkyre7fzj4hx4huqvfylneq57k97<\/p><\/wal>\n<h5>Dla przelew\u00f3w w  <span style=\"color: #fff;\">ETHEREUM (ETH)<\/span><\/span><\/h5>\n<p style=\"text-align: left; \">Wallet address:<\/p> <wal><p style=\"text-align: left; margin-right: 2em;\"> 0x76ECBDba27Bc56314A5Fc2959D93a9cD35Dfc74a<\/p> <\/wal>\n<h5>Dla przelew\u00f3w w  <span style=\"color: #fff;\">TRON (TRX)<\/span><\/span><\/h5>\n<p style=\"text-align: left; \">Wallet address:<\/p> <wal><p style=\"text-align: left; margin-right: 2em;\"> TVzcuFtuhnoH4xacNkVkDDJJF6niNkVZN1<\/p> <\/wal>\n<h5>Dla przelew\u00f3w w  <span style=\"color: #fff;\">SOLANA (SOL)<\/span><\/span><\/h5>\n<p style=\"text-align: left; \">Wallet address: <\/p> <wal><p style=\"text-align: left; margin-right: 2em;\"> 4E7PRwq6A8jdCcLDYn5QwMmWYcz1e3JtZZnoAxQn2DC3<\/p><\/wal>\n\n\n\n\n\n\n\n\n\n<p style=\"text-align: left;\">Darowizn\u0119 mo\u017cna tak\u017ce przekaza\u0107 za po\u015brednictwem systemu p\u0142atno\u015bci PayPal. Prosz\u0119 u\u017cy\u0107 tego e-maila: <strong>tetyana@apimondia2013.org.ua<\/strong>, aby przela\u0107 \u015brodki na nasze konto PayPal. <br><span style=\"font-size:small;\">Dokonuj\u0105c wp\u0142aty na cele charytatywne, wyra\u017casz zgod\u0119 na wykorzystanie\/zmian\u0119 przeznaczenia tych \u015brodk\u00f3w przez Organizacja\u0119 pozarz\u0105dow\u0105 &#8222;Og\u00f3lnoukrai\u0144skie Bractwo Pszczelarzy Ukrainy&#8221; na ten produkt lub us\u0142ug\u0119, kt\u00f3re wed\u0142ug Organizacji pozarz\u0105dowej &#8222;Og\u00f3lnoukrai\u0144skie Bractwo Pszczelarzy Ukrainy&#8221; musz\u0105 by\u0107 finansowane w pierwszej kolejno\u015bci.<\/span><\/p>\n\n\n<p style=\"text-align: left;\"><strong> <span style=\"font-size: large;\">Projekt \u201eVRAMA: Reintegracja weteran\u00f3w poprzez pszczelarstwo i rolnictwo\u201d<\/span><\/strong> <br><span style=\"font-size: small;\">Projekt maj\u0105cy na celu wsparcie 10 weteran\u00f3w poprzez szkolenia, umiej\u0119tno\u015bci praktyczne oraz nowoczesny sprz\u0119t w dziedzinie pszczelarstwa i rolnictwa. Inicjatywa wspiera integracj\u0119 spo\u0142eczn\u0105, regeneracj\u0119 psychologiczn\u0105, rozw\u00f3j lokalnych spo\u0142eczno\u015bci, zr\u00f3wnowa\u017cony rozw\u00f3j \u015brodowiskowy oraz bezpiecze\u0144stwo \u017cywno\u015bciowe.<\/span><br>\n<strong>Bud\u017cet: 35 000 \u20ac <span style=\"font-size:small;\"><\/span><\/strong>(~ \u20b4 1,930,000) <br>\n<strong>Harmonogram: do 31 grudnia 2026 r.<\/strong> <br>\n<span style=\"font-size:small;\">Niewykorzystane \u015brodki zostan\u0105 przeznaczone na inne projekty o podobnych celach. Dokonuj\u0105c darowizny, zgadzasz si\u0119, \u017ce jest ona bezzwrotna i mo\u017ce zosta\u0107 wykorzystana na inne projekty, je\u015bli zbi\u00f3rka zostanie zamkni\u0119ta lub straci aktualno\u015b\u0107.<\/span><\/p>\n\n\n\n<h3>NASI PARTNERZY  <span style=\"color: #feb209;\">I DARCZY\u0143CY<\/span><\/h3>\n<p style=\"text-align: center; font-size: 13px; \"><br><\/p>\n\n","protected":false},"excerpt":{"rendered":"","protected":false},"author":1,"featured_media":0,"parent":0,"menu_order":0,"comment_status":"closed","ping_status":"closed","template":"","meta":{"pagelayer_contact_templates":[],"_pagelayer_content":"","footnotes":""},"class_list":["post-110","page","type-page","status-publish","hentry"],"_links":{"self":[{"href":"https:\/\/veterans-and-bees.com\/pl\/wp-json\/wp\/v2\/pages\/110","targetHints":{"allow":["GET"]}}],"collection":[{"href":"https:\/\/veterans-and-bees.com\/pl\/wp-json\/wp\/v2\/pages"}],"about":[{"href":"https:\/\/veterans-and-bees.com\/pl\/wp-json\/wp\/v2\/types\/page"}],"author":[{"embeddable":true,"href":"https:\/\/veterans-and-bees.com\/pl\/wp-json\/wp\/v2\/users\/1"}],"replies":[{"embeddable":true,"href":"https:\/\/veterans-and-bees.com\/pl\/wp-json\/wp\/v2\/comments?post=110"}],"version-history":[{"count":39,"href":"https:\/\/veterans-and-bees.com\/pl\/wp-json\/wp\/v2\/pages\/110\/revisions"}],"predecessor-version":[{"id":290,"href":"https:\/\/veterans-and-bees.com\/pl\/wp-json\/wp\/v2\/pages\/110\/revisions\/290"}],"wp:attachment":[{"href":"https:\/\/veterans-and-bees.com\/pl\/wp-json\/wp\/v2\/media?parent=110"}],"curies":[{"name":"wp","href":"https:\/\/api.w.org\/{rel}","templated":true}]}}